{"id":663,"date":"2017-02-07T18:43:51","date_gmt":"2017-02-07T20:43:51","guid":{"rendered":"http:\/\/www.marcostenorio.com\/?page_id=663"},"modified":"2025-11-10T21:04:18","modified_gmt":"2025-11-11T00:04:18","slug":"keynotes","status":"publish","type":"page","link":"https:\/\/www.marcostenorio.com\/?page_id=663","title":{"rendered":"Keynotes"},"content":{"rendered":"<div class=\"ead-preview\"><div class=\"ead-document\" style=\"position: relative;\"><div class=\"ead-iframe-wrapper\"><iframe src=\"\/\/docs.google.com\/viewer?url=https%3A%2F%2Fwww.marcostenorio.com%2Fwp-content%2Fuploads%2F2025%2F11%2FApresentacao-Vida-60Mais.pdf&amp;embedded=true&amp;hl=en\" title=\"Embedded Document\" class=\"ead-iframe\" style=\"width: 100%;height: 500px;border: none;visibility: hidden;\"><\/iframe><\/div>\t\t\t<div class=\"ead-document-loading\" style=\"width:100%;height:100%;position:absolute;left:0;top:0;z-index:10;\">\n\t\t\t\t<div class=\"ead-loading-wrap\">\n\t\t\t\t\t<div class=\"ead-loading-main\">\n\t\t\t\t\t\t<div class=\"ead-loading\">\n\t\t\t\t\t\t\t<img  decoding=\"async\"  src=\"data:image\/png;base64,iVBORw0KGgoAAAANSUhEUgAAAAEAAAABAQMAAAAl21bKAAAAA1BMVEUAAP+KeNJXAAAAAXRSTlMAQObYZgAAAAlwSFlzAAAOxAAADsQBlSsOGwAAAApJREFUCNdjYAAAAAIAAeIhvDMAAAAASUVORK5CYII=\"  width=\"55\"  height=\"55\"  alt=\"Loader\"  class=\" pk-lazyload\"  data-pk-sizes=\"auto\"  data-pk-src=\"https:\/\/www.marcostenorio.com\/wp-content\/plugins\/embed-any-document\/images\/loading.svg\" >\n\t\t\t\t\t\t\t<span>Loading...<\/span>\n\t\t\t\t\t\t<\/div>\n\t\t\t\t\t<\/div>\n\t\t\t\t\t<div class=\"ead-loading-foot\">\n\t\t\t\t\t\t<div class=\"ead-loading-foot-title\">\n\t\t\t\t\t\t\t<img  decoding=\"async\"  src=\"data:image\/png;base64,iVBORw0KGgoAAAANSUhEUgAAAAEAAAABAQMAAAAl21bKAAAAA1BMVEUAAP+KeNJXAAAAAXRSTlMAQObYZgAAAAlwSFlzAAAOxAAADsQBlSsOGwAAAApJREFUCNdjYAAAAAIAAeIhvDMAAAAASUVORK5CYII=\"  alt=\"EAD Logo\"  width=\"36\"  height=\"23\"  class=\" pk-lazyload\"  data-pk-sizes=\"auto\"  data-pk-src=\"https:\/\/www.marcostenorio.com\/wp-content\/plugins\/embed-any-document\/images\/EAD-logo.svg\" >\n\t\t\t\t\t\t\t<span>Taking too long?<\/span>\n\t\t\t\t\t\t<\/div>\n\t\t\t\t\t\t<p>\n\t\t\t\t\t\t\t<div class=\"ead-document-btn ead-reload-btn\" role=\"button\">\n\t\t\t\t\t\t\t\t<img  decoding=\"async\"  src=\"data:image\/png;base64,iVBORw0KGgoAAAANSUhEUgAAAAEAAAABAQMAAAAl21bKAAAAA1BMVEUAAP+KeNJXAAAAAXRSTlMAQObYZgAAAAlwSFlzAAAOxAAADsQBlSsOGwAAAApJREFUCNdjYAAAAAIAAeIhvDMAAAAASUVORK5CYII=\"  alt=\"Reload\"  width=\"12\"  height=\"12\"  class=\" pk-lazyload\"  data-pk-sizes=\"auto\"  data-pk-src=\"https:\/\/www.marcostenorio.com\/wp-content\/plugins\/embed-any-document\/images\/reload.svg\" > Reload document\t\t\t\t\t\t\t<\/div>\n\t\t\t\t\t\t\t<span>|<\/span>\n\t\t\t\t\t\t\t<a href=\"https:\/\/www.marcostenorio.com\/wp-content\/uploads\/2025\/11\/Apresentacao-Vida-60Mais.pdf\" class=\"ead-document-btn\" target=\"_blank\">\n\t\t\t\t\t\t\t\t<img  loading=\"lazy\"  decoding=\"async\"  src=\"data:image\/png;base64,iVBORw0KGgoAAAANSUhEUgAAAAEAAAABAQMAAAAl21bKAAAAA1BMVEUAAP+KeNJXAAAAAXRSTlMAQObYZgAAAAlwSFlzAAAOxAAADsQBlSsOGwAAAApJREFUCNdjYAAAAAIAAeIhvDMAAAAASUVORK5CYII=\"  alt=\"Open\"  width=\"12\"  height=\"12\"  class=\" pk-lazyload\"  data-pk-sizes=\"auto\"  data-pk-src=\"https:\/\/www.marcostenorio.com\/wp-content\/plugins\/embed-any-document\/images\/open.svg\" > Open in new tab\t\t\t\t\t\t\t<\/a>\n\t\t\t\t\t<\/div>\n\t\t\t\t<\/div>\n\t\t\t<\/div>\n\t\t<\/div><p class=\"embed_download\"><a href=\"https:\/\/www.marcostenorio.com\/wp-content\/uploads\/2025\/11\/Apresentacao-Vida-60Mais.pdf\" download>Download [4.72 MB] <\/a><\/p><\/div>\n[vc_row][vc_column][vc_column_text]\n<h2 id=\"palestra-design-e-o-usuario-idoso\" style=\"text-align: center;\"><strong>Palestra Design e o Usu\u00e1rio Idoso<\/strong><\/h2>\n[\/vc_column_text][vc_column_text]<iframe src=\"https:\/\/onedrive.live.com\/embed?cid=0879F8CA9046F36E&amp;resid=879F8CA9046F36E%21594566&amp;authkey=ADGzNkbMM2qg6m8&amp;em=2&amp;wdAr=1.7777777777777777\" width=\"962px\" height=\"565px\" frameborder=\"0\">Este \u00e9 um apresenta\u00e7\u00e3o do <a target=\"_blank\" href=\"https:\/\/office.com\" rel=\"noopener noreferrer\">Microsoft Office<\/a> incorporado, da plataforma <a target=\"_blank\" href=\"https:\/\/office.com\/webapps\" rel=\"noopener noreferrer\">Office Online<\/a>.<\/iframe>[\/vc_column_text][vc_column_text]\n<h2 id=\"paper-interaction-latin-america-2018\" style=\"text-align: center;\"><strong>Paper Interaction Latin America 2018<\/strong><\/h2>\n<h2 id=\"o-smartphone-e-o-idoso-conectado-relacoes-entre-heuristicas-de-usabilidade-e-recomendacoes-do-design-da-informacao\" style=\"text-align: center;\"><strong>O smartphone e o Idoso Conectado: Rela\u00e7\u00f5es entre heur\u00edsticas de usabilidade e recomenda\u00e7\u00f5es do design da informa\u00e7\u00e3o<\/strong><\/h2>\n[\/vc_column_text][vc_column_text]<iframe src=\"https:\/\/onedrive.live.com\/embed?cid=0879F8CA9046F36E&amp;resid=879F8CA9046F36E%21592971&amp;authkey=APadn2tnOs7Jw-Q&amp;em=2&amp;wdAr=1.7777777777777777\" width=\"962px\" height=\"565px\" frameborder=\"0\">Este \u00e9 um apresenta\u00e7\u00e3o do <a target=\"_blank\" href=\"https:\/\/office.com\" rel=\"noopener noreferrer\">Microsoft Office<\/a> incorporado, da plataforma <a target=\"_blank\" href=\"https:\/\/office.com\/webapps\" rel=\"noopener noreferrer\">Office Online<\/a>.<\/iframe>[\/vc_column_text][vc_column_text]\n<h2 id=\"palestra-design-social\" style=\"text-align: center;\"><strong>Palestra Design Social<\/strong><\/h2>\n[\/vc_column_text][vc_column_text]<iframe src=\"https:\/\/onedrive.live.com\/embed?cid=0879F8CA9046F36E&amp;resid=879F8CA9046F36E%21579119&amp;authkey=AD2q87xLZCv-Mas&amp;em=2&amp;wdAr=1.7777777777777777\" width=\"962px\" height=\"565px\" frameborder=\"0\">Este \u00e9 um apresenta\u00e7\u00e3o do <a target=\"_blank\" href=\"https:\/\/office.com\" rel=\"noopener noreferrer\">Microsoft Office<\/a> incorporado, da plataforma <a target=\"_blank\" href=\"https:\/\/office.com\/webapps\" rel=\"noopener noreferrer\">Office Online<\/a>.<\/iframe>[\/vc_column_text][vc_column_text]\n<h2 id=\"palestra-jogos-eletronicos-e-educacao\" style=\"text-align: center;\"><strong>Palestra Jogos eletr\u00f4nicos e Educa\u00e7\u00e3o<\/strong><\/h2>\n[\/vc_column_text][vc_column_text]<iframe src=\"https:\/\/onedrive.live.com\/embed?cid=0879F8CA9046F36E&amp;resid=879F8CA9046F36E%21571690&amp;authkey=AFTvSjPnonbNpfs&amp;em=2&amp;wdAr=1.7777777777777777\" width=\"962px\" height=\"565px\" frameborder=\"0\">Este \u00e9 um apresenta\u00e7\u00e3o do <a target=\"_blank\" href=\"https:\/\/office.com\" rel=\"noopener noreferrer\">Microsoft Office<\/a> incorporado, da plataforma <a target=\"_blank\" href=\"https:\/\/office.com\/webapps\" rel=\"noopener noreferrer\">Office Online<\/a>.<\/iframe>[\/vc_column_text][vc_column_text]\n<h2 id=\"palestra-ui-ux-designer\" style=\"text-align: center;\"><strong>Palestra UI\/UX Designer<\/strong><\/h2>\n[\/vc_column_text][vc_column_text]<iframe src=\"https:\/\/onedrive.live.com\/embed?cid=0879F8CA9046F36E&amp;resid=879F8CA9046F36E%21566387&amp;authkey=AASdJ6E8iVAq97Y&amp;em=2&amp;wdAr=1.7777777777777777\" width=\"962px\" height=\"565px\" frameborder=\"0\">Este \u00e9 um apresenta\u00e7\u00e3o do <a target=\"_blank\" href=\"https:\/\/office.com\" rel=\"noopener noreferrer\">Microsoft Office<\/a> incorporado, da plataforma <a target=\"_blank\" href=\"https:\/\/office.com\/webapps\" rel=\"noopener noreferrer\">Office Online<\/a>.<\/iframe>[\/vc_column_text][vc_column_text]\n<h2 id=\"palestra-design-culture-experience-2016\" style=\"text-align: center;\"><strong>Palestra Design Culture Experience 2016<\/strong><\/h2>\n[\/vc_column_text][vc_column_text]<iframe src=\"https:\/\/onedrive.live.com\/embed?cid=0879F8CA9046F36E&amp;resid=879F8CA9046F36E%21566398&amp;authkey=APxK93B4GaY28ds&amp;em=2&amp;wdAr=1.7777777777777777\" width=\"962px\" height=\"565px\" frameborder=\"0\">Este \u00e9 um apresenta\u00e7\u00e3o do <a target=\"_blank\" href=\"https:\/\/office.com\" rel=\"noopener noreferrer\">Microsoft Office<\/a> incorporado, da plataforma <a target=\"_blank\" href=\"https:\/\/office.com\/webapps\" rel=\"noopener noreferrer\">Office Online<\/a>.<\/iframe>[\/vc_column_text][vc_column_text]\n<h2 id=\"palestra-mercado-de-design\" style=\"text-align: center;\"><strong>Palestra Mercado de Design<br \/>\n<\/strong><\/h2>\n[\/vc_column_text][vc_column_text]<iframe src=\"https:\/\/onedrive.live.com\/embed?cid=0879F8CA9046F36E&amp;resid=879F8CA9046F36E%21409035&amp;authkey=AFNZgD5PUll5uTM&amp;em=2&amp;wdAr=1.3333333333333333\" width=\"722px\" height=\"565px\" frameborder=\"0\">Este \u00e9 um apresenta\u00e7\u00e3o do <a target=\"_blank\" href=\"https:\/\/office.com\" rel=\"noopener noreferrer\">Microsoft Office<\/a> incorporado, da plataforma <a target=\"_blank\" href=\"https:\/\/office.com\/webapps\" rel=\"noopener noreferrer\">Office Online<\/a>.<\/iframe>[\/vc_column_text][\/vc_column][\/vc_row]\n","protected":false},"excerpt":{"rendered":"<p>[vc_row][vc_column][vc_column_text] Palestra Design e o Usu\u00e1rio Idoso [\/vc_column_text][vc_column_text]Este \u00e9 um apresenta\u00e7\u00e3o do Microsoft Office incorporado, da plataforma Office Online.[\/vc_column_text][vc_column_text] Paper Interaction Latin America 2018 [&hellip;]<\/p>\n","protected":false},"author":1,"featured_media":3025,"parent":0,"menu_order":0,"comment_status":"closed","ping_status":"closed","template":"","meta":{"_acf_changed":false,"_monsterinsights_skip_tracking":false,"_monsterinsights_sitenote_active":false,"_monsterinsights_sitenote_note":"","_monsterinsights_sitenote_category":0,"footnotes":""},"class_list":["post-663","page","type-page","status-publish","has-post-thumbnail","hentry"],"acf":{"choi\u0441e_menu_page":false,"full_width":false,"header_transparent":false,"header_white":false,"menu_type_page":"default","menu_align_page":"default"},"_links":{"self":[{"href":"https:\/\/www.marcostenorio.com\/index.php?rest_route=\/wp\/v2\/pages\/663","targetHints":{"allow":["GET"]}}],"collection":[{"href":"https:\/\/www.marcostenorio.com\/index.php?rest_route=\/wp\/v2\/pages"}],"about":[{"href":"https:\/\/www.marcostenorio.com\/index.php?rest_route=\/wp\/v2\/types\/page"}],"author":[{"embeddable":true,"href":"https:\/\/www.marcostenorio.com\/index.php?rest_route=\/wp\/v2\/users\/1"}],"replies":[{"embeddable":true,"href":"https:\/\/www.marcostenorio.com\/index.php?rest_route=%2Fwp%2Fv2%2Fcomments&post=663"}],"version-history":[{"count":2,"href":"https:\/\/www.marcostenorio.com\/index.php?rest_route=\/wp\/v2\/pages\/663\/revisions"}],"predecessor-version":[{"id":4779,"href":"https:\/\/www.marcostenorio.com\/index.php?rest_route=\/wp\/v2\/pages\/663\/revisions\/4779"}],"wp:featuredmedia":[{"embeddable":true,"href":"https:\/\/www.marcostenorio.com\/index.php?rest_route=\/wp\/v2\/media\/3025"}],"wp:attachment":[{"href":"https:\/\/www.marcostenorio.com\/index.php?rest_route=%2Fwp%2Fv2%2Fmedia&parent=663"}],"curies":[{"name":"wp","href":"https:\/\/api.w.org\/{rel}","templated":true}]}}